{"id":6,"date":"2011-10-26T13:54:26","date_gmt":"2011-10-26T10:54:26","guid":{"rendered":"http:\/\/bite.edi.lv\/?page_id=6"},"modified":"2023-02-01T15:17:54","modified_gmt":"2023-02-01T13:17:54","slug":"people","status":"publish","type":"page","link":"http:\/\/remsens.edi.lv\/?page_id=6","title":{"rendered":"People"},"content":{"rendered":"<p>Group leader, Senior Researcher, Dr.sc.comp. <a href=\"https:\/\/www.edi.lv\/en\/team\/ints-mednieks_eng\/\"><strong>Ints Mednieks<\/strong><\/a> (from 2006)<\/p>\n<p>Researcher, Dr.sc.comp. <a href=\"https:\/\/www.edi.lv\/en\/team\/juris-sinica-sinavskis_eng\/\"><strong>Juris Si\u0146ica-Si\u0146avskis<\/strong><\/a> (from 2006)<\/p>\n<p>Assistant Researcher, Mg.math. <a href=\"https:\/\/www.edi.lv\/en\/team\/martins-pukitis_eng\/\"><strong>M\u0101rti\u0146\u0161 Pu\u0137\u012btis<\/strong><\/a> (from 2015)<\/p>\n<p>Researcher, PhD <strong>Linda Gulbe<\/strong> (from 2019)<\/p>\n<p>Researcher, PhD <a href=\"https:\/\/www.edi.lv\/en\/team\/phd-grigorijs-goldbergs-2\/\"><strong>Grigorijs Goldbergs<\/strong><\/a> (from 2020)<\/p>\n<p>Researcher, Mg.math. <a href=\"https:\/\/www.edi.lv\/team\/mg-math-juris-breidaks-2\/\" rel=\"noopener\"><strong>Juris Breidaks<\/strong><\/a>\u00a0(from 2020)<\/p>\n<p><strong>Former members<\/strong>:<\/p>\n<p>Senior Researcher, Dr.habil.math.\u00a0<strong>Aivars <\/strong><strong>Lorencs<\/strong>\u00a0(from 2006 to 2017)<\/p>\n<p>Researcher, Dr.sc.eng.\u00a0<strong>Jekaterina Bule<\/strong>\u00a0(from 2013 to 2015)<\/p>\n<p>Engineer, Dipl.eng.\u00a0<strong>Madis Menke<\/strong>\u00a0(from 2006 to 2017)<\/p>\n<p>Researcher, Dr.sc.ing. <a href=\"http:\/\/www.edi.lv\/en\/persons\/roberts-kadikis\/\"><strong>Roberts Kadi\u0137is<\/strong><\/a> (from 2013 to 2015)<\/p>\n<p>Researcher, Mg.math. <strong>Rom\u0101ns Dinuls<\/strong> (from 2010 to 2021)<\/p>\n<p>Business leader, BBA\u00a0<strong>Gatis\u00a0Bolinskis<\/strong> (from 2018 to 2021)<\/p>\n<p>Remote Sensing Expert, BSc. Finance &amp; Economics\u00a0<strong><a title=\"Arnis Kadakovskis - LinkedIn\" href=\"https:\/\/www.linkedin.com\/in\/arnisk\/\" target=\"_blank\" rel=\"noopener noreferrer\">Arnis Kadakovskis<\/a><\/strong>\u00a0(from 2018)<\/p>\n<p>Assistant Researcher, Mg.geogr. <a href=\"https:\/\/www.edi.lv\/en\/team\/mg-geogr-gunta-grube-2\/\"><strong>Gunta Gr\u016bbe<\/strong><\/a> (from 2020 to 2023)<\/p>\n<p>\u00a0<\/p>\n\n\n<p><\/p>\n","protected":false},"excerpt":{"rendered":"<p>Group leader, Senior Researcher, Dr.sc.comp. Ints Mednieks (from 2006) Researcher, Dr.sc.comp. Juris Si\u0146ica-Si\u0146avskis (from 2006) Assistant Researcher, Mg.math. M\u0101rti\u0146\u0161 Pu\u0137\u012btis (from 2015) Researcher, PhD Linda Gulbe (from 2019) Researcher, PhD Grigorijs Goldbergs (from 2020) Researcher, Mg.math. Juris Breidaks\u00a0(from 2020) Former members: Senior Researcher, Dr.habil.math.\u00a0Aivars Lorencs\u00a0(from 2006 to 2017) Researcher, Dr.sc.eng.\u00a0Jekaterina Bule\u00a0(from 2013 to 2015) Engineer, &hellip;<br \/><a href=\"http:\/\/remsens.edi.lv\/?page_id=6\">Read more <span class=\"meta-nav\">&rarr;<\/span><\/a><\/p>\n","protected":false},"author":1,"featured_media":0,"parent":0,"menu_order":3,"comment_status":"closed","ping_status":"open","template":"","meta":{"footnotes":""},"_links":{"self":[{"href":"http:\/\/remsens.edi.lv\/index.php?rest_route=\/wp\/v2\/pages\/6"}],"collection":[{"href":"http:\/\/remsens.edi.lv\/index.php?rest_route=\/wp\/v2\/pages"}],"about":[{"href":"http:\/\/remsens.edi.lv\/index.php?rest_route=\/wp\/v2\/types\/page"}],"author":[{"embeddable":true,"href":"http:\/\/remsens.edi.lv\/index.php?rest_route=\/wp\/v2\/users\/1"}],"replies":[{"embeddable":true,"href":"http:\/\/remsens.edi.lv\/index.php?rest_route=%2Fwp%2Fv2%2Fcomments&post=6"}],"version-history":[{"count":31,"href":"http:\/\/remsens.edi.lv\/index.php?rest_route=\/wp\/v2\/pages\/6\/revisions"}],"predecessor-version":[{"id":944,"href":"http:\/\/remsens.edi.lv\/index.php?rest_route=\/wp\/v2\/pages\/6\/revisions\/944"}],"wp:attachment":[{"href":"http:\/\/remsens.edi.lv\/index.php?rest_route=%2Fwp%2Fv2%2Fmedia&parent=6"}],"curies":[{"name":"wp","href":"https:\/\/api.w.org\/{rel}","templated":true}]}}