{"id":660,"date":"2018-10-05T15:24:06","date_gmt":"2018-10-05T12:24:06","guid":{"rendered":"http:\/\/remsens.edi.lv\/?page_id=660"},"modified":"2020-02-06T17:59:50","modified_gmt":"2020-02-06T15:59:50","slug":"team","status":"publish","type":"page","link":"http:\/\/remsens.edi.lv\/?page_id=660","title":{"rendered":"<b>Team<\/b>"},"content":{"rendered":"<p>Scientific manager, Senior Researcher, Dr.sc.comp.\u00a0<a href=\"http:\/\/www.edi.lv\/en\/persons\/ints-mednieks\/\"><strong>Ints Mednieks<\/strong><\/a>\u00a0(from 2006)<\/p>\n<p>Researcher, Mg.math.\u00a0<a href=\"http:\/\/www.edi.lv\/en\/team\/juris-sinica-sinavskis_eng\/\"><strong>Juris Si\u0146ica-Si\u0146avskis<\/strong><\/a>\u00a0(from 2006)<\/p>\n<p>Assistant Researcher, Mg.math.\u00a0<a href=\"http:\/\/www.edi.lv\/en\/persons\/romans-dinuls\/\"><strong>Rom\u0101ns Dinuls<\/strong><\/a>\u00a0(from 2010)<\/p>\n<p>Assistant Researcher, Mg.math.\u00a0<a href=\"http:\/\/www.edi.lv\/en\/persons\/martins-pukitis\/\"><strong>M\u0101rti\u0146\u0161 Pu\u0137\u012btis<\/strong><\/a>\u00a0(from 2015)<\/p>\n<p>Business leader, BBA\u00a0<strong><a title=\"Gatis Bolinskis - LinkedIn\" href=\"https:\/\/www.linkedin.com\/in\/gatis-bolinskis\/\" target=\"_blank\" rel=\"noopener noreferrer\">Gatis\u00a0Bolinskis<\/a><\/strong>\u00a0(from 2018)<\/p>\n<p>Remote Sensing Expert, BSc. Finance &amp; Economics\u00a0<strong><a title=\"Arnis Kadakovskis - LinkedIn\" href=\"https:\/\/www.linkedin.com\/in\/arnisk\/\" target=\"_blank\" rel=\"noopener noreferrer\">Arnis Kadakovskis<\/a><\/strong>\u00a0(from 2018)<\/p>\n","protected":false},"excerpt":{"rendered":"<p>Scientific manager, Senior Researcher, Dr.sc.comp.\u00a0Ints Mednieks\u00a0(from 2006) Researcher, Mg.math.\u00a0Juris Si\u0146ica-Si\u0146avskis\u00a0(from 2006) Assistant Researcher, Mg.math.\u00a0Rom\u0101ns Dinuls\u00a0(from 2010) Assistant Researcher, Mg.math.\u00a0M\u0101rti\u0146\u0161 Pu\u0137\u012btis\u00a0(from 2015) Business leader, BBA\u00a0Gatis\u00a0Bolinskis\u00a0(from 2018) Remote Sensing Expert, BSc. Finance &amp; Economics\u00a0Arnis Kadakovskis\u00a0(from 2018)<\/p>\n","protected":false},"author":4,"featured_media":0,"parent":0,"menu_order":0,"comment_status":"closed","ping_status":"open","template":"","meta":{"footnotes":""},"_links":{"self":[{"href":"http:\/\/remsens.edi.lv\/index.php?rest_route=\/wp\/v2\/pages\/660"}],"collection":[{"href":"http:\/\/remsens.edi.lv\/index.php?rest_route=\/wp\/v2\/pages"}],"about":[{"href":"http:\/\/remsens.edi.lv\/index.php?rest_route=\/wp\/v2\/types\/page"}],"author":[{"embeddable":true,"href":"http:\/\/remsens.edi.lv\/index.php?rest_route=\/wp\/v2\/users\/4"}],"replies":[{"embeddable":true,"href":"http:\/\/remsens.edi.lv\/index.php?rest_route=%2Fwp%2Fv2%2Fcomments&post=660"}],"version-history":[{"count":7,"href":"http:\/\/remsens.edi.lv\/index.php?rest_route=\/wp\/v2\/pages\/660\/revisions"}],"predecessor-version":[{"id":840,"href":"http:\/\/remsens.edi.lv\/index.php?rest_route=\/wp\/v2\/pages\/660\/revisions\/840"}],"wp:attachment":[{"href":"http:\/\/remsens.edi.lv\/index.php?rest_route=%2Fwp%2Fv2%2Fmedia&parent=660"}],"curies":[{"name":"wp","href":"https:\/\/api.w.org\/{rel}","templated":true}]}}